{"id":100,"date":"2025-04-11T11:41:37","date_gmt":"2025-04-11T11:41:37","guid":{"rendered":"http:\/\/www.caligrafika.de\/?page_id=100"},"modified":"2025-04-11T11:41:37","modified_gmt":"2025-04-11T11:41:37","slug":"hardware","status":"publish","type":"page","link":"https:\/\/www.caligrafika.de\/?page_id=100","title":{"rendered":"Hardware"},"content":{"rendered":"\n<p>Die richtigen Komponenten, Computer und Zubeh\u00f6rprodukte sind stets entscheidend f\u00fcr einen reibungslosen Ablauf. Hier arbeiten wir eng mit unserem Hardware-Partner, der Wortmann AG, zusammen. Wir sprechen f\u00fcr bestimmte Produkte aus dem Wortmann-Sortiment ausdr\u00fcckliche Empfehlungen aus. Auf dieser Seite stellen wir Ihnen in K\u00fcrze die cr\u00e8me de la cr\u00e8me bereit!<\/p>\n\n\n\n<h2 class=\"wp-block-heading\"> Hardware-Konzeption <\/h2>\n\n\n\n<p>Sobald hohe Anforderungen an die Hardware gestellt werden, kommen wir richtig in Schwung. Um eine optimale L\u00f6sung entwickeln zu k\u00f6nnen, erfassen wir selbstverst\u00e4ndlich zun\u00e4chst Ihre Bestandstechnologien. Danach sind erfahrungsgem\u00e4\u00df Themen wie Ausfallsicherheit, Vernetzung und Backup prim\u00e4r entscheidend.<\/p>\n\n\n\n<p>Unsere Leistung ist die fundierte Planung der richtigen Technologien und deren Vernetzung. Einzelne Arbeitspl\u00e4tze werden im Gesamtkontext betrachtet, Systemlandschaften entstehen.<\/p>\n\n\n\n<p>Wir k\u00fcmmern uns nicht nur um Hardware im Sinne von Computern. Im Maschinenbau gilt es beispielsweise, jede Maschine mit der IT zu verbinden und hierzu ben\u00f6tigte Hardware-Komponenten (Schnittstellen) einzuplanen und zu aktivieren.<\/p>\n\n\n\n<p>Ob Netzwerk, Arbeitsplatz, Server oder Backupl\u00f6sung \u2013 Ihre Hardware ist bei uns in den besten H\u00e4nden. Wir halten Bleistift und Schraubenzieher bereit \u2013 Sie rufen an!<\/p>\n\n\n\n<h2 class=\"wp-block-heading\"> BETREUUNG VON HARDWARE <\/h2>\n\n\n\n<ul class=\"wp-block-list\"><li>(Fern-)Wartung<\/li><li>Instandsetzung<\/li><li>Aufbau und Montage vor Ort<\/li><li>Testlauf <\/li><li>Support<\/li><\/ul>\n","protected":false},"excerpt":{"rendered":"<p>Die richtigen Komponenten, Computer und Zubeh\u00f6rprodukte sind stets entscheidend f\u00fcr einen reibungslosen Ablauf. Hier arbeiten wir eng mit unserem Hardware-Partner, der Wortmann AG, zusammen. Wir sprechen f\u00fcr bestimmte Produkte aus dem Wortmann-Sortiment ausdr\u00fcckliche Empfehlungen aus. Auf dieser Seite stellen wir Ihnen in K\u00fcrze die cr\u00e8me de la cr\u00e8me bereit! Hardware-Konzeption Sobald hohe Anforderungen an die<\/p><\/div>\n<div class=\"blog-btn\"><a href=\"https:\/\/www.caligrafika.de\/?page_id=100\" class=\"home-blog-btn\">Weiterlesen<\/a><\/p>\n","protected":false},"author":1,"featured_media":0,"parent":0,"menu_order":0,"comment_status":"closed","ping_status":"closed","template":"","meta":{"footnotes":""},"class_list":["post-100","page","type-page","status-publish","hentry"],"_links":{"self":[{"href":"https:\/\/www.caligrafika.de\/index.php?rest_route=\/wp\/v2\/pages\/100","targetHints":{"allow":["GET"]}}],"collection":[{"href":"https:\/\/www.caligrafika.de\/index.php?rest_route=\/wp\/v2\/pages"}],"about":[{"href":"https:\/\/www.caligrafika.de\/index.php?rest_route=\/wp\/v2\/types\/page"}],"author":[{"embeddable":true,"href":"https:\/\/www.caligrafika.de\/index.php?rest_route=\/wp\/v2\/users\/1"}],"replies":[{"embeddable":true,"href":"https:\/\/www.caligrafika.de\/index.php?rest_route=%2Fwp%2Fv2%2Fcomments&post=100"}],"version-history":[{"count":3,"href":"https:\/\/www.caligrafika.de\/index.php?rest_route=\/wp\/v2\/pages\/100\/revisions"}],"predecessor-version":[{"id":106,"href":"https:\/\/www.caligrafika.de\/index.php?rest_route=\/wp\/v2\/pages\/100\/revisions\/106"}],"wp:attachment":[{"href":"https:\/\/www.caligrafika.de\/index.php?rest_route=%2Fwp%2Fv2%2Fmedia&parent=100"}],"curies":[{"name":"wp","href":"https:\/\/api.w.org\/{rel}","templated":true}]}}