{"id":102,"date":"2020-12-28T17:11:05","date_gmt":"2020-12-28T17:11:05","guid":{"rendered":"http:\/\/www.caligrafika.de\/?page_id=102"},"modified":"2020-12-28T17:11:05","modified_gmt":"2020-12-28T17:11:05","slug":"software","status":"publish","type":"page","link":"https:\/\/www.caligrafika.de\/?page_id=102","title":{"rendered":"Software"},"content":{"rendered":"\n<p>Das Caligrafika-Team ist spezialisiert auf die Entwicklung individueller Software. Ob Erg\u00e4nzung oder Ver\u00e4nderung bestehender Softwaretechnologien oder Neuentwicklung von der Pike an.<\/p>\n\n\n\n<p>Besonders viel Erfahrung k\u00f6nnen wir einbringen aus der Zusammenarbeit mit Industriekunden, oft im Bereich Maschinenbau. Dar\u00fcberhinaus sind wir offen f\u00fcr alle Branchen und Themen.<\/p>\n\n\n\n<p>Das Kernteam unserer Entwicklung umfasst angenehm wenig Personen. Sie erhalten Ihren festen Ansprechpartner, zus\u00e4tzlich einen Vertreter, der in die wichtigsten Aufgaben involviert sein wird.<\/p>\n\n\n\n<p>Von welcher Softwaretechnologie tr\u00e4umen Sie? Rufen Sie uns an! Wir setzen uns zusammen und fangen jetzt an, Ihre W\u00fcnsche in die Tat umzusetzen!<\/p>\n\n\n\n<h2 class=\"wp-block-heading\"> Software-Entwicklung <\/h2>\n\n\n\n<p> In enger Zusammenarbeit mit zahlreichen Auftraggebern aus der Industrie haben wir fertig einsetzbare Softwareprodukte realisiert. Unsere Software ist stets webbasiert und kann ohne Installationsaufwand auf jedem Arbeitsplatz in Ihrem Unternehmen genutzt werden. <\/p>\n\n\n\n<h2 class=\"wp-block-heading\">  SIMPLE-ORDNER-SYSTEM  <\/h2>\n\n\n\n<p>Das Programm zur Produktionsplanungs- und Vertriebssteuerung. F\u00fcr das produzierende Gewerbe ist diese umfangreiche Software ma\u00dfgeschneidert. Von der Maschinenbestellung anhand von genauen Checklisten, \u00fcber die exakte Produktionszeitenplanung bis hin zum permantenten \u00dcberblick f\u00fcr die Vertriebler entspricht der Funktionsumfang genau den wichtigsten Anforderungen. Simple-Order-System ist gleichzeitig frei von unn\u00fctzen Funktionen und damit angenehm \u00fcbersichtlich und praxisgerecht.<\/p>\n\n\n\n<p>Weitere Informationen zur Software und ein verbindliches Angebot stellen wir gerne f\u00fcr Sie zusammen. Schreiben Sie uns kurz eine&nbsp;<a href=\"javascript:linkTo_UnCryptMailto('ocknvq,kphqBecnkitchkmc0fg');\">E-Mail<\/a>&nbsp;mit Ihren Kontaktdaten und dem Stichwort &#8222;Simple-Order-System&#8220;.<\/p>\n\n\n\n<h2 class=\"wp-block-heading\"> BDE MASCHINENSTATUS <\/h2>\n\n\n\n<p>Mit dieser Software sind Sie in der Lage, einen umfangreichen Status von jeder angeschlossenen Maschine in Ihrem Unternehmen abzufragen.<\/p>\n\n\n\n<p>Weitere Informationen zur Software und ein verbindliches Angebot stellen wir gerne f\u00fcr Sie zusammen. Schreiben Sie uns kurz eine&nbsp;<a href=\"javascript:linkTo_UnCryptMailto('ocknvq,kphqBecnkitchkmc0fg');\">E-Mail<\/a>&nbsp;mit Ihren Kontaktdaten und dem Stichwort &#8222;Maschinenstatus&#8220;.<\/p>\n\n\n\n<p><\/p>\n","protected":false},"excerpt":{"rendered":"<p>Das Caligrafika-Team ist spezialisiert auf die Entwicklung individueller Software. Ob Erg\u00e4nzung oder Ver\u00e4nderung bestehender Softwaretechnologien oder Neuentwicklung von der Pike an. Besonders viel Erfahrung k\u00f6nnen wir einbringen aus der Zusammenarbeit mit Industriekunden, oft im Bereich Maschinenbau. Dar\u00fcberhinaus sind wir offen f\u00fcr alle Branchen und Themen. Das Kernteam unserer Entwicklung umfasst angenehm wenig Personen. Sie erhalten<\/p><\/div>\n<div class=\"blog-btn\"><a href=\"https:\/\/www.caligrafika.de\/?page_id=102\" class=\"home-blog-btn\">Weiterlesen<\/a><\/p>\n","protected":false},"author":1,"featured_media":0,"parent":0,"menu_order":0,"comment_status":"closed","ping_status":"closed","template":"","meta":{"footnotes":""},"class_list":["post-102","page","type-page","status-publish","hentry"],"_links":{"self":[{"href":"https:\/\/www.caligrafika.de\/index.php?rest_route=\/wp\/v2\/pages\/102","targetHints":{"allow":["GET"]}}],"collection":[{"href":"https:\/\/www.caligrafika.de\/index.php?rest_route=\/wp\/v2\/pages"}],"about":[{"href":"https:\/\/www.caligrafika.de\/index.php?rest_route=\/wp\/v2\/types\/page"}],"author":[{"embeddable":true,"href":"https:\/\/www.caligrafika.de\/index.php?rest_route=\/wp\/v2\/users\/1"}],"replies":[{"embeddable":true,"href":"https:\/\/www.caligrafika.de\/index.php?rest_route=%2Fwp%2Fv2%2Fcomments&post=102"}],"version-history":[{"count":2,"href":"https:\/\/www.caligrafika.de\/index.php?rest_route=\/wp\/v2\/pages\/102\/revisions"}],"predecessor-version":[{"id":104,"href":"https:\/\/www.caligrafika.de\/index.php?rest_route=\/wp\/v2\/pages\/102\/revisions\/104"}],"wp:attachment":[{"href":"https:\/\/www.caligrafika.de\/index.php?rest_route=%2Fwp%2Fv2%2Fmedia&parent=102"}],"curies":[{"name":"wp","href":"https:\/\/api.w.org\/{rel}","templated":true}]}}