{"id":17,"date":"2019-08-12T13:31:29","date_gmt":"2019-08-12T13:31:29","guid":{"rendered":"http:\/\/www.caligrafika.de\/?page_id=17"},"modified":"2020-05-28T10:08:36","modified_gmt":"2020-05-28T10:08:36","slug":"about","status":"publish","type":"page","link":"https:\/\/www.caligrafika.de\/?page_id=17","title":{"rendered":"\u00dcber uns"},"content":{"rendered":"<div class=\"col-md-6 col-sm-6 col-xs-12\">\n<div class=\"about-img-area wow fadeInDown animated animated animated animated animated\" style=\"visibility: visible; animation-delay: 0.4s; animation-name: fadeInDown;\" data-wow-delay=\"0.4s\"><img decoding=\"async\" class=\"img-responsive alignleft\" src=\"https:\/\/www.caligrafika.de\/wp-content\/plugins\/spicebox\/inc\/spicepress\/images\/about\/about.jpg\" alt=\"Image\"><\/div>\n<\/div>\n<div class=\"col-md-6 col-sm-6 col-xs-12 wow fadeInDown animated animated animated animated animated\" style=\"visibility: visible; animation-delay: 0.4s; animation-name: fadeInDown;\" data-wow-delay=\"0.4s\">\n<h2>Das sind wir!<\/h2>\n<p>Hinter Caligrafika steckt ein Team von Programmierern und IT-Spezialisten. In enger Verbindung mit der Maschinenbauindustrie k\u00fcmmern wir uns um alles, was einen Bildschirm hat. Wir erarbeiten langfristige Konzepte, \u00fcbernehmen die konsequente Umsetzung und streben eine Rundum-Beratungsfunktion f\u00fcr mittelst\u00e4ndische und gro\u00dfe Unternehmen an \u2013 gerne mit internationaler Ausrichtung. Ziel ist eine langfristige Partnerschaft in allen Hardware- und Softwarebereichen.<\/p>\n<\/div>\n<div class=\"csc-header csc-header-n1 ka-handler\">\n<h1 class=\"csc-firstHeader\">Impressum<\/h1>\n<\/div>\n<div class=\"ka-content\">\n<p>Ust.-IdNr.: DE 165023571<\/p>\n<p>Rechtshinweis<\/p>\n<p>Diese Webseiten wie auch die darin enthaltenen und referenzierten Informationen dienen ausschlie\u00dflich zu Informationszwecken. Eine Haftung oder Zusicherung f\u00fcr die Richtigkeit, Vollst\u00e4ndigkeit und Nutzbarkeit der auf diesen Webseiten dargestellten bzw. referenzierten Informationen kann trotz sorgf\u00e4ltiger Pr\u00fcfung vom Herausgeber nicht \u00fcbernommen werden. Inhalt und Struktur der Webseiten d\u00fcrfen ohne schriftliche Genehmigung in keiner Form reproduziert bzw. unter Verwendung elektronischer Systeme verarbeitet, vervielf\u00e4ltigt oder verbreitet werden. Wir behalten uns das Recht vor, ohne vorherige Ank\u00fcndigung, \u00c4nderungen oder Erg\u00e4nzungen an den bereitgestellten Informationen vorzunehmen.<\/p>\n<p>Haftung f\u00fcr Links<\/p>\n<p>Trotz sorgf\u00e4ltiger inhaltlicher Pr\u00fcfung \u00fcbernehmen wir keine Haftung f\u00fcr die Inhalte von Seiten, auf die durch Hyperlinks verwiesen wird. F\u00fcr den Inhalt der verlinkten Seiten sind ausschlie\u00dflich deren Betreiber verantwortlich.<\/p>\n<p>Betreiber<\/p>\n<p>Die Webseiten werden betrieben von Caligrafika, An der Kolckwiese 10, D-26133 Oldenburg, E-Mail: info@Caligrafika.de, Telefon: +49 441 925 00 95.<\/p>\n<p>\u00a9 Copyright 2012 by Caligrafika<\/p>\n<p>Alle Rechte vorbehalten.<\/p>\n<\/div>\n<div class=\"csc-header csc-header-n2 ka-handler\">\n<h1>Allgemeine Gesch\u00e4ftsbedingungen<\/h1>\n<\/div>\n<div class=\"ka-content\">\n<p>Verschwiegenheit und Vertraulichkeit:<\/p>\n<p>Caligrafika sichert zu, dass s\u00e4mtliche Informationen, die \u00fcblicherweise im Gesch\u00e4ftsverkehr als &#8222;vertraulich&#8220; und\/oder &#8222;gesch\u00fctzt&#8220; angesehen werden, vertraulich behandelt werden.<\/p>\n<p>Haftungsbeschr\u00e4nkungen<\/p>\n<p>Eine Haftung von Caligrafika &#8211; gleich aus welchem Rechtsgrund &#8211; tritt nur ein, wenn der Schaden a.) durch schuldhafte Verletzung einer vertragswesentlichen Pflicht in einer das Erreichen des Vertragszwecks gef\u00e4hrdenden Weise verursacht wurde oder b.) auf grobe Fahrl\u00e4ssigkeit oder Vorsatz durch Caligrafika zur\u00fcckzuf\u00fchren ist.<\/p>\n<\/div>\n\n\n<h2 class=\"wp-block-heading\"><strong>Datenschutz<\/strong><\/h2>\n\n\n\n<p>Die Nutzung unserer Webseite ist in der Regel ohne Angabe personenbezogener Daten m\u00f6glich. Soweit auf unseren Seiten personenbezogene Daten (beispielsweise Name, Anschrift oder eMail-Adressen) erhoben werden, erfolgt dies, soweit m\u00f6glich, stets auf freiwilliger Basis. Diese Daten werden ohne Ihre ausdr\u00fcckliche Zustimmung nicht an Dritte weitergegeben.<\/p>\n\n\n\n<p>Wir weisen darauf hin, dass die Daten\u00fcbertragung im Internet (z.B. bei der Kommunikation per E-Mail) Sicherheitsl\u00fccken aufweisen kann. Ein l\u00fcckenloser Schutz der Daten vor dem Zugriff durch Dritte ist nicht m\u00f6glich.<\/p>\n\n\n\n<p>Der Nutzung von im Rahmen der Impressumspflicht ver\u00f6ffentlichten Kontaktdaten durch Dritte zur \u00dcbersendung von nicht ausdr\u00fccklich angeforderter Werbung und Informationsmaterialien wird hiermit ausdr\u00fccklich widersprochen. Die Betreiber der Seiten behalten sich ausdr\u00fccklich rechtliche Schritte im Falle der unverlangten Zusendung von Werbeinformationen, etwa durch Spam-Mails, vor.<\/p>\n\n\n\n<h2 class=\"wp-block-heading\"><strong>Datenschutzbeauftragter:<\/strong><\/h2>\n\n\n\n<ul class=\"wp-block-list\"><li>Datenschutzbeauftragter<\/li><li>Caligrafika<\/li><li>An der Kolckwiese 10<\/li><li>26133 Oldenburg<\/li><li>E-Mail: dsb@Caligrafika.de<\/li><\/ul>\n","protected":false},"excerpt":{"rendered":"<p>Das sind wir! Hinter Caligrafika steckt ein Team von Programmierern und IT-Spezialisten. In enger Verbindung mit der Maschinenbauindustrie k\u00fcmmern wir uns um alles, was einen Bildschirm hat. Wir erarbeiten langfristige Konzepte, \u00fcbernehmen die konsequente Umsetzung und streben eine Rundum-Beratungsfunktion f\u00fcr mittelst\u00e4ndische und gro\u00dfe Unternehmen an \u2013 gerne mit internationaler Ausrichtung. Ziel ist eine langfristige Partnerschaft<\/p><\/div>\n<div class=\"blog-btn\"><a href=\"https:\/\/www.caligrafika.de\/?page_id=17\" class=\"home-blog-btn\">Weiterlesen<\/a><\/p>\n","protected":false},"author":1,"featured_media":0,"parent":0,"menu_order":0,"comment_status":"closed","ping_status":"closed","template":"template\/template-about.php","meta":{"footnotes":""},"class_list":["post-17","page","type-page","status-publish","hentry"],"_links":{"self":[{"href":"https:\/\/www.caligrafika.de\/index.php?rest_route=\/wp\/v2\/pages\/17","targetHints":{"allow":["GET"]}}],"collection":[{"href":"https:\/\/www.caligrafika.de\/index.php?rest_route=\/wp\/v2\/pages"}],"about":[{"href":"https:\/\/www.caligrafika.de\/index.php?rest_route=\/wp\/v2\/types\/page"}],"author":[{"embeddable":true,"href":"https:\/\/www.caligrafika.de\/index.php?rest_route=\/wp\/v2\/users\/1"}],"replies":[{"embeddable":true,"href":"https:\/\/www.caligrafika.de\/index.php?rest_route=%2Fwp%2Fv2%2Fcomments&post=17"}],"version-history":[{"count":8,"href":"https:\/\/www.caligrafika.de\/index.php?rest_route=\/wp\/v2\/pages\/17\/revisions"}],"predecessor-version":[{"id":235,"href":"https:\/\/www.caligrafika.de\/index.php?rest_route=\/wp\/v2\/pages\/17\/revisions\/235"}],"wp:attachment":[{"href":"https:\/\/www.caligrafika.de\/index.php?rest_route=%2Fwp%2Fv2%2Fmedia&parent=17"}],"curies":[{"name":"wp","href":"https:\/\/api.w.org\/{rel}","templated":true}]}}