{"id":2,"date":"2016-05-10T03:48:21","date_gmt":"2016-05-10T03:48:21","guid":{"rendered":"http:\/\/www.caligrafika.de\/?page_id=2"},"modified":"2019-08-12T14:07:19","modified_gmt":"2019-08-12T14:07:19","slug":"sample-page","status":"publish","type":"page","link":"https:\/\/www.caligrafika.de\/?page_id=2","title":{"rendered":"Support"},"content":{"rendered":"<h1 class=\"csc-firstHeader\">Wir k\u00fcmmern uns!<\/h1>\n<blockquote><p>Eine gute Zusammenarbeit lebt von gute Kommunikation. Denn Computer und Software werfen immer wieder eine Menge Fragen auf: Daf\u00fcr haben Sie uns! Kein Problem ist uns zu gro\u00df, keine Frage zu einfach \u2013 lieber zweimal gefragt und endg\u00fcltig gel\u00f6st. Das Caligrafika-Team bringt Ihre IT grunds\u00e4tzlich in Ordnung. Wir perfektionieren Ihre Arbeitsplatzrechner, Server, Netzwerke und Backup-L\u00f6sungen und sorgen f\u00fcr einen reibungslosen Ablauf.<\/p><\/blockquote>\n<h1>WIR SCHAUEN SOFORT DARAUF!<\/h1>\n<blockquote><p>Mit dem bekannten und beliebten Teamviewer-Programm k\u00f6nnen wir Ihnen sofort helfen. Starten (oder installieren) Sie Teamviewer. Wir sehen (nach Ihrer Freigabe) Ihren Bildschirminhalt und k\u00f6nnen sogar Maus- und Tastatureingaben f\u00fcr Sie vornehmen. Am besten telefonieren wir gleichzeitig.<\/p>\n<p><img loading=\"lazy\" decoding=\"async\" class=\"alignnone size-medium wp-image-59\" src=\"https:\/\/www.caligrafika.de\/wp-content\/uploads\/2019\/08\/teamviewer_01-300x90.png\" alt=\"\" width=\"300\" height=\"90\" srcset=\"https:\/\/www.caligrafika.de\/wp-content\/uploads\/2019\/08\/teamviewer_01-300x90.png 300w, https:\/\/www.caligrafika.de\/wp-content\/uploads\/2019\/08\/teamviewer_01.png 478w\" sizes=\"auto, (max-width: 300px) 100vw, 300px\" \/><br \/>\n<a href=\"https:\/\/get.teamviewer.com\/6e9zvss\">Teamviewer Support<\/a><\/p><\/blockquote>\n<h1>Schulungen<\/h1>\n<p>Die \u00dcbung macht\u2018s: Zusammen mit unseren Partnern bieten wir verschiedene Schulungen f\u00fcr die eingesetzte Software bei Ihnen vor Ort an. Zum Beispiel f\u00fcr WebBDE, AutoCAD, Inventor und Office 2016.<\/p>\n","protected":false},"excerpt":{"rendered":"<p>Wir k\u00fcmmern uns! Eine gute Zusammenarbeit lebt von gute Kommunikation. Denn Computer und Software werfen immer wieder eine Menge Fragen auf: Daf\u00fcr haben Sie uns! Kein Problem ist uns zu gro\u00df, keine Frage zu einfach \u2013 lieber zweimal gefragt und endg\u00fcltig gel\u00f6st. Das Caligrafika-Team bringt Ihre IT grunds\u00e4tzlich in Ordnung. Wir perfektionieren Ihre Arbeitsplatzrechner, Server,<\/p><\/div>\n<div class=\"blog-btn\"><a href=\"https:\/\/www.caligrafika.de\/?page_id=2\" class=\"home-blog-btn\">Weiterlesen<\/a><\/p>\n","protected":false},"author":1,"featured_media":0,"parent":0,"menu_order":0,"comment_status":"closed","ping_status":"open","template":"","meta":{"footnotes":""},"class_list":["post-2","page","type-page","status-publish","hentry"],"_links":{"self":[{"href":"https:\/\/www.caligrafika.de\/index.php?rest_route=\/wp\/v2\/pages\/2","targetHints":{"allow":["GET"]}}],"collection":[{"href":"https:\/\/www.caligrafika.de\/index.php?rest_route=\/wp\/v2\/pages"}],"about":[{"href":"https:\/\/www.caligrafika.de\/index.php?rest_route=\/wp\/v2\/types\/page"}],"author":[{"embeddable":true,"href":"https:\/\/www.caligrafika.de\/index.php?rest_route=\/wp\/v2\/users\/1"}],"replies":[{"embeddable":true,"href":"https:\/\/www.caligrafika.de\/index.php?rest_route=%2Fwp%2Fv2%2Fcomments&post=2"}],"version-history":[{"count":3,"href":"https:\/\/www.caligrafika.de\/index.php?rest_route=\/wp\/v2\/pages\/2\/revisions"}],"predecessor-version":[{"id":60,"href":"https:\/\/www.caligrafika.de\/index.php?rest_route=\/wp\/v2\/pages\/2\/revisions\/60"}],"wp:attachment":[{"href":"https:\/\/www.caligrafika.de\/index.php?rest_route=%2Fwp%2Fv2%2Fmedia&parent=2"}],"curies":[{"name":"wp","href":"https:\/\/api.w.org\/{rel}","templated":true}]}}